{"id":225,"date":"2026-03-22T16:47:41","date_gmt":"2026-03-22T15:47:41","guid":{"rendered":"https:\/\/martamusialmarta2.eu.martamusial.eu\/?page_id=225"},"modified":"2026-03-22T16:59:59","modified_gmt":"2026-03-22T15:59:59","slug":"galeria","status":"publish","type":"page","link":"https:\/\/martamusialmarta2.eu.martamusial.eu\/?page_id=225","title":{"rendered":"Galeria"},"content":{"rendered":"\t\t<div data-elementor-type=\"wp-page\" data-elementor-id=\"225\" class=\"elementor elementor-225\" data-elementor-post-type=\"page\">\n\t\t\t\t\t\t<section class=\"elementor-section elementor-top-section elementor-element elementor-element-f33a40b elementor-section-full_width elementor-section-height-full elementor-section-stretched elementor-section-height-default elementor-section-items-middle\" data-id=\"f33a40b\" data-element_type=\"section\" data-e-type=\"section\" data-settings=\"{&quot;background_background&quot;:&quot;slideshow&quot;,&quot;stretch_section&quot;:&quot;section-stretched&quot;,&quot;background_slideshow_gallery&quot;:[{&quot;id&quot;:219,&quot;url&quot;:&quot;https:\\\/\\\/martamusialmarta2.eu.martamusial.eu\\\/wp-content\\\/uploads\\\/2026\\\/03\\\/tomasz-piekorz-fotograf-slubny-1.jpg&quot;}],&quot;background_slideshow_loop&quot;:&quot;yes&quot;,&quot;background_slideshow_slide_duration&quot;:5000,&quot;background_slideshow_slide_transition&quot;:&quot;fade&quot;,&quot;background_slideshow_transition_duration&quot;:500}\">\n\t\t\t\t\t\t<div class=\"elementor-container elementor-column-gap-default\">\n\t\t\t\t\t<div class=\"elementor-column elementor-col-100 elementor-top-column elementor-element elementor-element-05a3efc\" data-id=\"05a3efc\" data-element_type=\"column\" data-e-type=\"column\">\n\t\t\t<div class=\"elementor-widget-wrap elementor-element-populated\">\n\t\t\t\t\t\t<div class=\"elementor-element elementor-element-80c55d1 elementor-widget elementor-widget-heading\" data-id=\"80c55d1\" data-element_type=\"widget\" data-e-type=\"widget\" data-widget_type=\"heading.default\">\n\t\t\t\t\t<h1 class=\"elementor-heading-title elementor-size-default\">Galeria<\/h1>\t\t\t\t<\/div>\n\t\t\t\t<div class=\"elementor-element elementor-element-0159cce elementor-widget elementor-widget-heading\" data-id=\"0159cce\" data-element_type=\"widget\" data-e-type=\"widget\" data-widget_type=\"heading.default\">\n\t\t\t\t\t<h2 class=\"elementor-heading-title elementor-size-default\">Sprawd\u017a galeri\u0119<\/h2>\t\t\t\t<\/div>\n\t\t\t\t<div class=\"elementor-element elementor-element-aa77e9b elementor-widget-divider--view-line elementor-widget elementor-widget-divider\" data-id=\"aa77e9b\" data-element_type=\"widget\" data-e-type=\"widget\" data-widget_type=\"divider.default\">\n\t\t\t\t\t\t\t<div class=\"elementor-divider\">\n\t\t\t<span class=\"elementor-divider-separator\">\n\t\t\t\t\t\t<\/span>\n\t\t<\/div>\n\t\t\t\t\t\t<\/div>\n\t\t\t\t<div class=\"elementor-element elementor-element-02d05cb elementor-widget__width-initial elementor-widget elementor-widget-text-editor\" data-id=\"02d05cb\" data-element_type=\"widget\" data-e-type=\"widget\" data-widget_type=\"text-editor.default\">\n\t\t\t\t\t\t\t\t\t<div class=\"wp-block-uagb-advanced-heading uagb-block-bc615840\"><p class=\"uagb-heading-text\"><span dir=\"auto\" style=\"vertical-align: inherit;\"><span dir=\"auto\" style=\"vertical-align: inherit;\"><span dir=\"auto\" style=\"vertical-align: inherit;\"><span dir=\"auto\" style=\"vertical-align: inherit;\"><span dir=\"auto\" style=\"vertical-align: inherit;\"><span dir=\"auto\" style=\"vertical-align: inherit;\">Je\u015bli szukasz wyj\u0105tkowych i naturalnych zdj\u0119\u0107 \u015blubnych, to jeste\u015b we w\u0142a\u015bciwym miejscu.<\/span><\/span><\/span><\/span><\/span><\/span><\/p><\/div>\t\t\t\t\t\t\t\t<\/div>\n\t\t\t\t\t<\/div>\n\t\t<\/div>\n\t\t\t\t\t<\/div>\n\t\t<\/section>\n\t\t\t\t<section class=\"elementor-section elementor-top-section elementor-element elementor-element-4deac00 elementor-section-full_width elementor-section-stretched elementor-section-height-default elementor-section-height-default\" data-id=\"4deac00\" data-element_type=\"section\" data-e-type=\"section\" data-settings=\"{&quot;stretch_section&quot;:&quot;section-stretched&quot;}\">\n\t\t\t\t\t\t<div class=\"elementor-container elementor-column-gap-default\">\n\t\t\t\t\t<div class=\"elementor-column elementor-col-100 elementor-top-column elementor-element elementor-element-30bc612\" data-id=\"30bc612\" data-element_type=\"column\" data-e-type=\"column\">\n\t\t\t<div class=\"elementor-widget-wrap elementor-element-populated\">\n\t\t\t\t\t\t<div class=\"elementor-element elementor-element-f614281 elementor-widget elementor-widget-heading\" data-id=\"f614281\" data-element_type=\"widget\" data-e-type=\"widget\" data-widget_type=\"heading.default\">\n\t\t\t\t\t<h4 class=\"elementor-heading-title elementor-size-default\">Galeria<\/h4>\t\t\t\t<\/div>\n\t\t\t\t<div class=\"elementor-element elementor-element-f00ddd5 elementor-widget elementor-widget-heading\" data-id=\"f00ddd5\" data-element_type=\"widget\" data-e-type=\"widget\" data-widget_type=\"heading.default\">\n\t\t\t\t\t<h2 class=\"elementor-heading-title elementor-size-default\">Przyk\u0142adowa realizacja<\/h2>\t\t\t\t<\/div>\n\t\t\t\t<div class=\"elementor-element elementor-element-f2923dc elementor-widget-divider--view-line elementor-widget elementor-widget-divider\" data-id=\"f2923dc\" data-element_type=\"widget\" data-e-type=\"widget\" data-widget_type=\"divider.default\">\n\t\t\t\t\t\t\t<div class=\"elementor-divider\">\n\t\t\t<span class=\"elementor-divider-separator\">\n\t\t\t\t\t\t<\/span>\n\t\t<\/div>\n\t\t\t\t\t\t<\/div>\n\t\t\t\t<div class=\"elementor-element elementor-element-183cc40 elementor-widget elementor-widget-gallery\" data-id=\"183cc40\" data-element_type=\"widget\" data-e-type=\"widget\" data-settings=\"{&quot;gallery_layout&quot;:&quot;justified&quot;,&quot;lazyload&quot;:&quot;yes&quot;,&quot;ideal_row_height&quot;:{&quot;unit&quot;:&quot;px&quot;,&quot;size&quot;:200,&quot;sizes&quot;:[]},&quot;ideal_row_height_tablet&quot;:{&quot;unit&quot;:&quot;px&quot;,&quot;size&quot;:150,&quot;sizes&quot;:[]},&quot;ideal_row_height_mobile&quot;:{&quot;unit&quot;:&quot;px&quot;,&quot;size&quot;:150,&quot;sizes&quot;:[]},&quot;gap&quot;:{&quot;unit&quot;:&quot;px&quot;,&quot;size&quot;:10,&quot;sizes&quot;:[]},&quot;gap_tablet&quot;:{&quot;unit&quot;:&quot;px&quot;,&quot;size&quot;:10,&quot;sizes&quot;:[]},&quot;gap_mobile&quot;:{&quot;unit&quot;:&quot;px&quot;,&quot;size&quot;:10,&quot;sizes&quot;:[]},&quot;link_to&quot;:&quot;file&quot;,&quot;overlay_background&quot;:&quot;yes&quot;,&quot;content_hover_animation&quot;:&quot;fade-in&quot;}\" data-widget_type=\"gallery.default\">\n\t\t\t\t\t\t\t<div class=\"elementor-gallery__container\">\n\t\t\t\t\t\t\t<a class=\"e-gallery-item elementor-gallery-item elementor-animated-content\" href=\"https:\/\/martamusialmarta2.eu.martamusial.eu\/wp-content\/uploads\/2026\/03\/default-org-1.jpg\" data-elementor-open-lightbox=\"yes\" data-elementor-lightbox-slideshow=\"183cc40\" data-elementor-lightbox-title=\"default-org (1)\" data-e-action-hash=\"#elementor-action%3Aaction%3Dlightbox%26settings%3DeyJpZCI6MTk3LCJ1cmwiOiJodHRwczpcL1wvbWFydGFtdXNpYWxtYXJ0YTIuZXUubWFydGFtdXNpYWwuZXVcL3dwLWNvbnRlbnRcL3VwbG9hZHNcLzIwMjZcLzAzXC9kZWZhdWx0LW9yZy0xLmpwZyIsInNsaWRlc2hvdyI6IjE4M2NjNDAifQ%3D%3D\">\n\t\t\t\t\t<div class=\"e-gallery-image elementor-gallery-item__image\" data-thumbnail=\"https:\/\/martamusialmarta2.eu.martamusial.eu\/wp-content\/uploads\/2026\/03\/default-org-1.jpg\" data-width=\"2048\" data-height=\"1367\" aria-label=\"\" role=\"img\" ><\/div>\n\t\t\t\t\t\t\t\t\t\t\t<div class=\"elementor-gallery-item__overlay\"><\/div>\n\t\t\t\t\t\t\t\t\t\t\t\t\t\t<\/a>\n\t\t\t\t\t\t\t<a class=\"e-gallery-item elementor-gallery-item elementor-animated-content\" href=\"https:\/\/martamusialmarta2.eu.martamusial.eu\/wp-content\/uploads\/2025\/12\/lead-mini-4-2-1.jpg\" data-elementor-open-lightbox=\"yes\" data-elementor-lightbox-slideshow=\"183cc40\" data-elementor-lightbox-title=\"lead-mini-4-2 (1)\" data-e-action-hash=\"#elementor-action%3Aaction%3Dlightbox%26settings%3DeyJpZCI6MTQ2LCJ1cmwiOiJodHRwczpcL1wvbWFydGFtdXNpYWxtYXJ0YTIuZXUubWFydGFtdXNpYWwuZXVcL3dwLWNvbnRlbnRcL3VwbG9hZHNcLzIwMjVcLzEyXC9sZWFkLW1pbmktNC0yLTEuanBnIiwic2xpZGVzaG93IjoiMTgzY2M0MCJ9\">\n\t\t\t\t\t<div class=\"e-gallery-image elementor-gallery-item__image\" data-thumbnail=\"https:\/\/martamusialmarta2.eu.martamusial.eu\/wp-content\/uploads\/2025\/12\/lead-mini-4-2-1.jpg\" data-width=\"480\" data-height=\"480\" aria-label=\"\" role=\"img\" ><\/div>\n\t\t\t\t\t\t\t\t\t\t\t<div class=\"elementor-gallery-item__overlay\"><\/div>\n\t\t\t\t\t\t\t\t\t\t\t\t\t\t<\/a>\n\t\t\t\t\t\t\t<a class=\"e-gallery-item elementor-gallery-item elementor-animated-content\" href=\"https:\/\/martamusialmarta2.eu.martamusial.eu\/wp-content\/uploads\/2025\/12\/plener_0032.jpg\" data-elementor-open-lightbox=\"yes\" data-elementor-lightbox-slideshow=\"183cc40\" data-elementor-lightbox-title=\"plener_0032\" data-e-action-hash=\"#elementor-action%3Aaction%3Dlightbox%26settings%3DeyJpZCI6MTQ0LCJ1cmwiOiJodHRwczpcL1wvbWFydGFtdXNpYWxtYXJ0YTIuZXUubWFydGFtdXNpYWwuZXVcL3dwLWNvbnRlbnRcL3VwbG9hZHNcLzIwMjVcLzEyXC9wbGVuZXJfMDAzMi5qcGciLCJzbGlkZXNob3ciOiIxODNjYzQwIn0%3D\">\n\t\t\t\t\t<div class=\"e-gallery-image elementor-gallery-item__image\" data-thumbnail=\"https:\/\/martamusialmarta2.eu.martamusial.eu\/wp-content\/uploads\/2025\/12\/plener_0032.jpg\" data-width=\"2000\" data-height=\"1335\" aria-label=\"\" role=\"img\" ><\/div>\n\t\t\t\t\t\t\t\t\t\t\t<div class=\"elementor-gallery-item__overlay\"><\/div>\n\t\t\t\t\t\t\t\t\t\t\t\t\t\t<\/a>\n\t\t\t\t\t\t\t<a class=\"e-gallery-item elementor-gallery-item elementor-animated-content\" href=\"https:\/\/martamusialmarta2.eu.martamusial.eu\/wp-content\/uploads\/2026\/03\/tomasz-piekorz-fotograf-slubny-1.jpg\" data-elementor-open-lightbox=\"yes\" data-elementor-lightbox-slideshow=\"183cc40\" data-elementor-lightbox-title=\"tomasz-piekorz-fotograf-slubny (1)\" data-e-action-hash=\"#elementor-action%3Aaction%3Dlightbox%26settings%3DeyJpZCI6MjE5LCJ1cmwiOiJodHRwczpcL1wvbWFydGFtdXNpYWxtYXJ0YTIuZXUubWFydGFtdXNpYWwuZXVcL3dwLWNvbnRlbnRcL3VwbG9hZHNcLzIwMjZcLzAzXC90b21hc3otcGlla29yei1mb3RvZ3JhZi1zbHVibnktMS5qcGciLCJzbGlkZXNob3ciOiIxODNjYzQwIn0%3D\">\n\t\t\t\t\t<div class=\"e-gallery-image elementor-gallery-item__image\" data-thumbnail=\"https:\/\/martamusialmarta2.eu.martamusial.eu\/wp-content\/uploads\/2026\/03\/tomasz-piekorz-fotograf-slubny-1.jpg\" data-width=\"1280\" data-height=\"720\" aria-label=\"\" role=\"img\" ><\/div>\n\t\t\t\t\t\t\t\t\t\t\t<div class=\"elementor-gallery-item__overlay\"><\/div>\n\t\t\t\t\t\t\t\t\t\t\t\t\t\t<\/a>\n\t\t\t\t\t\t\t<a class=\"e-gallery-item elementor-gallery-item elementor-animated-content\" href=\"https:\/\/martamusialmarta2.eu.martamusial.eu\/wp-content\/uploads\/2025\/12\/sesja-10-e1687953480112.jpg\" data-elementor-open-lightbox=\"yes\" data-elementor-lightbox-slideshow=\"183cc40\" data-elementor-lightbox-title=\"sesja-10-e1687953480112\" data-e-action-hash=\"#elementor-action%3Aaction%3Dlightbox%26settings%3DeyJpZCI6MTQ4LCJ1cmwiOiJodHRwczpcL1wvbWFydGFtdXNpYWxtYXJ0YTIuZXUubWFydGFtdXNpYWwuZXVcL3dwLWNvbnRlbnRcL3VwbG9hZHNcLzIwMjVcLzEyXC9zZXNqYS0xMC1lMTY4Nzk1MzQ4MDExMi5qcGciLCJzbGlkZXNob3ciOiIxODNjYzQwIn0%3D\">\n\t\t\t\t\t<div class=\"e-gallery-image elementor-gallery-item__image\" data-thumbnail=\"https:\/\/martamusialmarta2.eu.martamusial.eu\/wp-content\/uploads\/2025\/12\/sesja-10-e1687953480112.jpg\" data-width=\"1304\" data-height=\"1122\" aria-label=\"\" role=\"img\" ><\/div>\n\t\t\t\t\t\t\t\t\t\t\t<div class=\"elementor-gallery-item__overlay\"><\/div>\n\t\t\t\t\t\t\t\t\t\t\t\t\t\t<\/a>\n\t\t\t\t\t\t\t<a class=\"e-gallery-item elementor-gallery-item elementor-animated-content\" href=\"https:\/\/martamusialmarta2.eu.martamusial.eu\/wp-content\/uploads\/2025\/12\/330386466_1271462183406046_5772445179422825211_n.webp\" data-elementor-open-lightbox=\"yes\" data-elementor-lightbox-slideshow=\"183cc40\" data-elementor-lightbox-title=\"330386466_1271462183406046_5772445179422825211_n\" data-e-action-hash=\"#elementor-action%3Aaction%3Dlightbox%26settings%3DeyJpZCI6MTQzLCJ1cmwiOiJodHRwczpcL1wvbWFydGFtdXNpYWxtYXJ0YTIuZXUubWFydGFtdXNpYWwuZXVcL3dwLWNvbnRlbnRcL3VwbG9hZHNcLzIwMjVcLzEyXC8zMzAzODY0NjZfMTI3MTQ2MjE4MzQwNjA0Nl81NzcyNDQ1MTc5NDIyODI1MjExX24ud2VicCIsInNsaWRlc2hvdyI6IjE4M2NjNDAifQ%3D%3D\">\n\t\t\t\t\t<div class=\"e-gallery-image elementor-gallery-item__image\" data-thumbnail=\"https:\/\/martamusialmarta2.eu.martamusial.eu\/wp-content\/uploads\/2025\/12\/330386466_1271462183406046_5772445179422825211_n.webp\" data-width=\"2048\" data-height=\"1365\" aria-label=\"\" role=\"img\" ><\/div>\n\t\t\t\t\t\t\t\t\t\t\t<div class=\"elementor-gallery-item__overlay\"><\/div>\n\t\t\t\t\t\t\t\t\t\t\t\t\t\t<\/a>\n\t\t\t\t\t\t\t<a class=\"e-gallery-item elementor-gallery-item elementor-animated-content\" href=\"https:\/\/martamusialmarta2.eu.martamusial.eu\/wp-content\/uploads\/2026\/03\/lead-mini-4-1.jpg\" data-elementor-open-lightbox=\"yes\" data-elementor-lightbox-slideshow=\"183cc40\" data-elementor-lightbox-title=\"lead-mini-4-1\" data-e-action-hash=\"#elementor-action%3Aaction%3Dlightbox%26settings%3DeyJpZCI6MTU4LCJ1cmwiOiJodHRwczpcL1wvbWFydGFtdXNpYWxtYXJ0YTIuZXUubWFydGFtdXNpYWwuZXVcL3dwLWNvbnRlbnRcL3VwbG9hZHNcLzIwMjZcLzAzXC9sZWFkLW1pbmktNC0xLmpwZyIsInNsaWRlc2hvdyI6IjE4M2NjNDAifQ%3D%3D\">\n\t\t\t\t\t<div class=\"e-gallery-image elementor-gallery-item__image\" data-thumbnail=\"https:\/\/martamusialmarta2.eu.martamusial.eu\/wp-content\/uploads\/2026\/03\/lead-mini-4-1.jpg\" data-width=\"480\" data-height=\"480\" aria-label=\"\" role=\"img\" ><\/div>\n\t\t\t\t\t\t\t\t\t\t\t<div class=\"elementor-gallery-item__overlay\"><\/div>\n\t\t\t\t\t\t\t\t\t\t\t\t\t\t<\/a>\n\t\t\t\t\t\t\t<a class=\"e-gallery-item elementor-gallery-item elementor-animated-content\" href=\"https:\/\/martamusialmarta2.eu.martamusial.eu\/wp-content\/uploads\/2026\/03\/11e.jpg\" data-elementor-open-lightbox=\"yes\" data-elementor-lightbox-slideshow=\"183cc40\" data-elementor-lightbox-title=\"11e\" data-e-action-hash=\"#elementor-action%3Aaction%3Dlightbox%26settings%3DeyJpZCI6MTg4LCJ1cmwiOiJodHRwczpcL1wvbWFydGFtdXNpYWxtYXJ0YTIuZXUubWFydGFtdXNpYWwuZXVcL3dwLWNvbnRlbnRcL3VwbG9hZHNcLzIwMjZcLzAzXC8xMWUuanBnIiwic2xpZGVzaG93IjoiMTgzY2M0MCJ9\">\n\t\t\t\t\t<div class=\"e-gallery-image elementor-gallery-item__image\" data-thumbnail=\"https:\/\/martamusialmarta2.eu.martamusial.eu\/wp-content\/uploads\/2026\/03\/11e.jpg\" data-width=\"288\" data-height=\"228\" aria-label=\"\" role=\"img\" ><\/div>\n\t\t\t\t\t\t\t\t\t\t\t<div class=\"elementor-gallery-item__overlay\"><\/div>\n\t\t\t\t\t\t\t\t\t\t\t\t\t\t<\/a>\n\t\t\t\t\t\t\t<a class=\"e-gallery-item elementor-gallery-item elementor-animated-content\" href=\"https:\/\/martamusialmarta2.eu.martamusial.eu\/wp-content\/uploads\/2026\/03\/DSC04810-e1687954151995-1.jpg\" data-elementor-open-lightbox=\"yes\" data-elementor-lightbox-slideshow=\"183cc40\" data-elementor-lightbox-title=\"DSC04810-e1687954151995 (1)\" data-e-action-hash=\"#elementor-action%3Aaction%3Dlightbox%26settings%3DeyJpZCI6MTk5LCJ1cmwiOiJodHRwczpcL1wvbWFydGFtdXNpYWxtYXJ0YTIuZXUubWFydGFtdXNpYWwuZXVcL3dwLWNvbnRlbnRcL3VwbG9hZHNcLzIwMjZcLzAzXC9EU0MwNDgxMC1lMTY4Nzk1NDE1MTk5NS0xLmpwZyIsInNsaWRlc2hvdyI6IjE4M2NjNDAifQ%3D%3D\">\n\t\t\t\t\t<div class=\"e-gallery-image elementor-gallery-item__image\" data-thumbnail=\"https:\/\/martamusialmarta2.eu.martamusial.eu\/wp-content\/uploads\/2026\/03\/DSC04810-e1687954151995-1.jpg\" data-width=\"1392\" data-height=\"977\" aria-label=\"\" role=\"img\" ><\/div>\n\t\t\t\t\t\t\t\t\t\t\t<div class=\"elementor-gallery-item__overlay\"><\/div>\n\t\t\t\t\t\t\t\t\t\t\t\t\t\t<\/a>\n\t\t\t\t\t\t\t<a class=\"e-gallery-item elementor-gallery-item elementor-animated-content\" href=\"https:\/\/martamusialmarta2.eu.martamusial.eu\/wp-content\/uploads\/2026\/03\/DSC04185-scaled-1-1.jpg\" data-elementor-open-lightbox=\"yes\" data-elementor-lightbox-slideshow=\"183cc40\" data-elementor-lightbox-title=\"DSC04185-scaled (1)\" data-e-action-hash=\"#elementor-action%3Aaction%3Dlightbox%26settings%3DeyJpZCI6MjA1LCJ1cmwiOiJodHRwczpcL1wvbWFydGFtdXNpYWxtYXJ0YTIuZXUubWFydGFtdXNpYWwuZXVcL3dwLWNvbnRlbnRcL3VwbG9hZHNcLzIwMjZcLzAzXC9EU0MwNDE4NS1zY2FsZWQtMS0xLmpwZyIsInNsaWRlc2hvdyI6IjE4M2NjNDAifQ%3D%3D\">\n\t\t\t\t\t<div class=\"e-gallery-image elementor-gallery-item__image\" data-thumbnail=\"https:\/\/martamusialmarta2.eu.martamusial.eu\/wp-content\/uploads\/2026\/03\/DSC04185-scaled-1-1.jpg\" data-width=\"2090\" data-height=\"2560\" aria-label=\"\" role=\"img\" ><\/div>\n\t\t\t\t\t\t\t\t\t\t\t<div class=\"elementor-gallery-item__overlay\"><\/div>\n\t\t\t\t\t\t\t\t\t\t\t\t\t\t<\/a>\n\t\t\t\t\t\t\t<a class=\"e-gallery-item elementor-gallery-item elementor-animated-content\" href=\"https:\/\/martamusialmarta2.eu.martamusial.eu\/wp-content\/uploads\/2026\/03\/reportaz_123-scaled-1.jpg\" data-elementor-open-lightbox=\"yes\" data-elementor-lightbox-slideshow=\"183cc40\" data-elementor-lightbox-title=\"reportaz_123-scaled\" data-e-action-hash=\"#elementor-action%3Aaction%3Dlightbox%26settings%3DeyJpZCI6MTk4LCJ1cmwiOiJodHRwczpcL1wvbWFydGFtdXNpYWxtYXJ0YTIuZXUubWFydGFtdXNpYWwuZXVcL3dwLWNvbnRlbnRcL3VwbG9hZHNcLzIwMjZcLzAzXC9yZXBvcnRhel8xMjMtc2NhbGVkLTEuanBnIiwic2xpZGVzaG93IjoiMTgzY2M0MCJ9\">\n\t\t\t\t\t<div class=\"e-gallery-image elementor-gallery-item__image\" data-thumbnail=\"https:\/\/martamusialmarta2.eu.martamusial.eu\/wp-content\/uploads\/2026\/03\/reportaz_123-scaled-1.jpg\" data-width=\"2560\" data-height=\"1707\" aria-label=\"\" role=\"img\" ><\/div>\n\t\t\t\t\t\t\t\t\t\t\t<div class=\"elementor-gallery-item__overlay\"><\/div>\n\t\t\t\t\t\t\t\t\t\t\t\t\t\t<\/a>\n\t\t\t\t\t\t\t<a class=\"e-gallery-item elementor-gallery-item elementor-animated-content\" href=\"https:\/\/martamusialmarta2.eu.martamusial.eu\/wp-content\/uploads\/2026\/03\/DSC09548-1.jpg\" data-elementor-open-lightbox=\"yes\" data-elementor-lightbox-slideshow=\"183cc40\" data-elementor-lightbox-title=\"DSC09548-1\" data-e-action-hash=\"#elementor-action%3Aaction%3Dlightbox%26settings%3DeyJpZCI6MTgyLCJ1cmwiOiJodHRwczpcL1wvbWFydGFtdXNpYWxtYXJ0YTIuZXUubWFydGFtdXNpYWwuZXVcL3dwLWNvbnRlbnRcL3VwbG9hZHNcLzIwMjZcLzAzXC9EU0MwOTU0OC0xLmpwZyIsInNsaWRlc2hvdyI6IjE4M2NjNDAifQ%3D%3D\">\n\t\t\t\t\t<div class=\"e-gallery-image elementor-gallery-item__image\" data-thumbnail=\"https:\/\/martamusialmarta2.eu.martamusial.eu\/wp-content\/uploads\/2026\/03\/DSC09548-1.jpg\" data-width=\"1000\" data-height=\"1000\" aria-label=\"\" role=\"img\" ><\/div>\n\t\t\t\t\t\t\t\t\t\t\t<div class=\"elementor-gallery-item__overlay\"><\/div>\n\t\t\t\t\t\t\t\t\t\t\t\t\t\t<\/a>\n\t\t\t\t\t\t\t<a class=\"e-gallery-item elementor-gallery-item elementor-animated-content\" href=\"https:\/\/martamusialmarta2.eu.martamusial.eu\/wp-content\/uploads\/2026\/03\/DSC04810-e1687954151995.jpg\" data-elementor-open-lightbox=\"yes\" data-elementor-lightbox-slideshow=\"183cc40\" data-elementor-lightbox-title=\"DSC04810-e1687954151995\" data-e-action-hash=\"#elementor-action%3Aaction%3Dlightbox%26settings%3DeyJpZCI6MjA0LCJ1cmwiOiJodHRwczpcL1wvbWFydGFtdXNpYWxtYXJ0YTIuZXUubWFydGFtdXNpYWwuZXVcL3dwLWNvbnRlbnRcL3VwbG9hZHNcLzIwMjZcLzAzXC9EU0MwNDgxMC1lMTY4Nzk1NDE1MTk5NS5qcGciLCJzbGlkZXNob3ciOiIxODNjYzQwIn0%3D\">\n\t\t\t\t\t<div class=\"e-gallery-image elementor-gallery-item__image\" data-thumbnail=\"https:\/\/martamusialmarta2.eu.martamusial.eu\/wp-content\/uploads\/2026\/03\/DSC04810-e1687954151995.jpg\" data-width=\"1392\" data-height=\"977\" aria-label=\"\" role=\"img\" ><\/div>\n\t\t\t\t\t\t\t\t\t\t\t<div class=\"elementor-gallery-item__overlay\"><\/div>\n\t\t\t\t\t\t\t\t\t\t\t\t\t\t<\/a>\n\t\t\t\t\t<\/div>\n\t\t\t\t\t<\/div>\n\t\t\t\t\t<\/div>\n\t\t<\/div>\n\t\t\t\t\t<\/div>\n\t\t<\/section>\n\t\t\t\t<\/div>\n\t\t","protected":false},"excerpt":{"rendered":"<p>Galeria Sprawd\u017a galeri\u0119 Je\u015bli szukasz wyj\u0105tkowych i naturalnych zdj\u0119\u0107 \u015blubnych, to jeste\u015b we w\u0142a\u015bciwym miejscu. Galeria Przyk\u0142adowa realizacja<\/p>\n","protected":false},"author":1,"featured_media":0,"parent":0,"menu_order":0,"comment_status":"closed","ping_status":"closed","template":"","meta":{"site-sidebar-layout":"no-sidebar","site-content-layout":"","ast-site-content-layout":"full-width-container","site-content-style":"default","site-sidebar-style":"default","ast-global-header-display":"","ast-banner-title-visibility":"","ast-main-header-display":"","ast-hfb-above-header-display":"","ast-hfb-below-header-display":"","ast-hfb-mobile-header-display":"","site-post-title":"disabled","ast-breadcrumbs-content":"","ast-featured-img":"disabled","footer-sml-layout":"","theme-transparent-header-meta":"","adv-header-id-meta":"","stick-header-meta":"","header-above-stick-meta":"","header-main-stick-meta":"","header-below-stick-meta":"","astra-migrate-meta-layouts":"default","ast-page-background-enabled":"default","ast-page-background-meta":{"desktop":{"background-color":"var(--ast-global-color-5)","background-image":"","background-repeat":"repeat","background-position":"center center","background-size":"auto","background-attachment":"scroll","background-type":"","background-media":"","overlay-type":"","overlay-color":"","overlay-opacity":"","overlay-gradient":""},"tablet":{"background-color":"","background-image":"","background-repeat":"repeat","background-position":"center center","background-size":"auto","background-attachment":"scroll","background-type":"","background-media":"","overlay-type":"","overlay-color":"","overlay-opacity":"","overlay-gradient":""},"mobile":{"background-color":"","background-image":"","background-repeat":"repeat","background-position":"center center","background-size":"auto","background-attachment":"scroll","background-type":"","background-media":"","overlay-type":"","overlay-color":"","overlay-opacity":"","overlay-gradient":""}},"ast-content-background-meta":{"desktop":{"background-color":"var(--ast-global-color-4)","background-image":"","background-repeat":"repeat","background-position":"center center","background-size":"auto","background-attachment":"scroll","background-type":"","background-media":"","overlay-type":"","overlay-color":"","overlay-opacity":"","overlay-gradient":""},"tablet":{"background-color":"var(--ast-global-color-4)","background-image":"","background-repeat":"repeat","background-position":"center center","background-size":"auto","background-attachment":"scroll","background-type":"","background-media":"","overlay-type":"","overlay-color":"","overlay-opacity":"","overlay-gradient":""},"mobile":{"background-color":"var(--ast-global-color-4)","background-image":"","background-repeat":"repeat","background-position":"center center","background-size":"auto","background-attachment":"scroll","background-type":"","background-media":"","overlay-type":"","overlay-color":"","overlay-opacity":"","overlay-gradient":""}},"footnotes":""},"class_list":["post-225","page","type-page","status-publish","hentry"],"_links":{"self":[{"href":"https:\/\/martamusialmarta2.eu.martamusial.eu\/index.php?rest_route=\/wp\/v2\/pages\/225","targetHints":{"allow":["GET"]}}],"collection":[{"href":"https:\/\/martamusialmarta2.eu.martamusial.eu\/index.php?rest_route=\/wp\/v2\/pages"}],"about":[{"href":"https:\/\/martamusialmarta2.eu.martamusial.eu\/index.php?rest_route=\/wp\/v2\/types\/page"}],"author":[{"embeddable":true,"href":"https:\/\/martamusialmarta2.eu.martamusial.eu\/index.php?rest_route=\/wp\/v2\/users\/1"}],"replies":[{"embeddable":true,"href":"https:\/\/martamusialmarta2.eu.martamusial.eu\/index.php?rest_route=%2Fwp%2Fv2%2Fcomments&post=225"}],"version-history":[{"count":4,"href":"https:\/\/martamusialmarta2.eu.martamusial.eu\/index.php?rest_route=\/wp\/v2\/pages\/225\/revisions"}],"predecessor-version":[{"id":231,"href":"https:\/\/martamusialmarta2.eu.martamusial.eu\/index.php?rest_route=\/wp\/v2\/pages\/225\/revisions\/231"}],"wp:attachment":[{"href":"https:\/\/martamusialmarta2.eu.martamusial.eu\/index.php?rest_route=%2Fwp%2Fv2%2Fmedia&parent=225"}],"curies":[{"name":"wp","href":"https:\/\/api.w.org\/{rel}","templated":true}]}}